{"id":811,"date":"2014-08-29T01:34:59","date_gmt":"2014-08-29T01:34:59","guid":{"rendered":"https:\/\/www.visdom.be\/blog\/"},"modified":"2024-04-06T09:15:49","modified_gmt":"2024-04-06T09:15:49","slug":"blog","status":"publish","type":"page","link":"https:\/\/www.visdom.be\/fr\/blog\/","title":{"rendered":"Actualit\u00e9s"},"content":{"rendered":"\n<style type=\"text\/css\" data-created_by=\"avia_inline_auto\" id=\"style-css-av-av_section-ea8a3ed368546b9599af94d37e6f5f5e\">\n.avia-section.av-av_section-ea8a3ed368546b9599af94d37e6f5f5e{\nbackground-color:#7cb2c3;\nbackground-image:unset;\n}\n.avia-section.av-av_section-ea8a3ed368546b9599af94d37e6f5f5e .av-extra-border-element .av-extra-border-inner{\nbackground-color:#7cb2c3;\n}\n<\/style>\n<div id='av_section_1'  class='avia-section av-av_section-ea8a3ed368546b9599af94d37e6f5f5e main_color avia-section-default avia-no-border-styling  avia-builder-el-0  el_before_av_blog  avia-builder-el-first  avia-bg-style-scroll av-arrow-down-section av-minimum-height av-minimum-height-custom av-height-custom  container_wrap sidebar_right'   data-av_minimum_height_px='330'><div class='container av-section-cont-open' style='height:330px'><main  role=\"main\" itemprop=\"mainContentOfPage\"  class='template-page content  av-content-small alpha units'><div class='post-entry post-entry-type-page post-entry-811'><div class='entry-content-wrapper clearfix'>\n\n<style type=\"text\/css\" data-created_by=\"avia_inline_auto\" id=\"style-css-av-lsl719uw-31b9060e21ee25567e7d9fcae2dc5503\">\n#top .av-special-heading.av-lsl719uw-31b9060e21ee25567e7d9fcae2dc5503{\npadding-bottom:40px;\ncolor:#ffffff;\nfont-size:72px;\n}\nbody .av-special-heading.av-lsl719uw-31b9060e21ee25567e7d9fcae2dc5503 .av-special-heading-tag .heading-char{\nfont-size:25px;\n}\n#top #wrap_all .av-special-heading.av-lsl719uw-31b9060e21ee25567e7d9fcae2dc5503 .av-special-heading-tag{\nfont-size:72px;\n}\n.av-special-heading.av-lsl719uw-31b9060e21ee25567e7d9fcae2dc5503 .special-heading-inner-border{\nborder-color:#ffffff;\n}\n.av-special-heading.av-lsl719uw-31b9060e21ee25567e7d9fcae2dc5503 .av-subheading{\nfont-size:20px;\n}\n\n@media only screen and (max-width: 479px){ \n#top #wrap_all .av-special-heading.av-lsl719uw-31b9060e21ee25567e7d9fcae2dc5503 .av-special-heading-tag{\nfont-size:45px;\n}\n}\n\n@media only screen and (min-width: 480px) and (max-width: 767px){ \n#top #wrap_all .av-special-heading.av-lsl719uw-31b9060e21ee25567e7d9fcae2dc5503 .av-special-heading-tag{\nfont-size:0.8em;\n}\n}\n<\/style>\n<div  class='av-special-heading av-lsl719uw-31b9060e21ee25567e7d9fcae2dc5503 av-special-heading-h2 custom-color-heading blockquote modern-quote  avia-builder-el-1  avia-builder-el-no-sibling  av-inherit-size'><h2 class='av-special-heading-tag'  itemprop=\"headline\"  >Derni\u00e8res Actualit\u00e9s<\/h2><div class='av_custom_color av-subheading av-subheading_below'><p>Tenez-vous au courant des derni\u00e8res nouvelles chez VISDOM. Explorez nos actualit\u00e9s pour d\u00e9couvrir les r\u00e9alisations, les innovations et les id\u00e9es qui marquent notre parcours.<\/p>\n<\/div><div class=\"special-heading-border\"><div class=\"special-heading-inner-border\"><\/div><\/div><\/div>\n<\/div><\/div><\/main><!-- close content main element --><\/div><div class='av-extra-border-element border-extra-arrow-down'><div class='av-extra-border-outer'><div class='av-extra-border-inner'><\/div><\/div><\/div><\/div><div id='after_section_1'  class='main_color av_default_container_wrap container_wrap sidebar_right'  ><div class='container av-section-cont-open' ><div class='template-page content  av-content-small alpha units'><div class='post-entry post-entry-type-page post-entry-811'><div class='entry-content-wrapper clearfix'>\n<div  class='av-alb-blogposts template-blog  av-blog-meta-html-info-disabled '  itemscope=\"itemscope\" itemtype=\"https:\/\/schema.org\/Blog\" ><article class=\"post-entry post-entry-type-standard post-entry-995 post-loop-1 post-parity-odd bloglist-excerpt  post-995 post type-post status-publish format-standard hentry category-news-fr\"  itemscope=\"itemscope\" itemtype=\"https:\/\/schema.org\/BlogPosting\" ><div class=\"blog-meta\"><\/div><div class='entry-content-wrapper clearfix standard-content'><header class=\"entry-content-header\"><h2 class='post-title entry-title '  itemprop=\"headline\" ><a href=\"https:\/\/www.visdom.be\/fr\/boost-online-presence-website-design\/\" rel=\"bookmark\" title=\"Lien permanent : Website Design Tips for Entrepreneurs Boost Online Presence \u2013 Visdom\">Website Design Tips for Entrepreneurs Boost Online Presence \u2013 Visdom<span class=\"post-format-icon minor-meta\"><\/span><\/a><\/h2><span class=\"post-meta-infos\"><time class=\"date-container minor-meta updated\"  itemprop=\"datePublished\" datetime=\"2024-02-27T07:05:55+00:00\" >f\u00e9vrier 27, 2024<\/time><span class=\"text-sep\">\/<\/span><span class=\"comment-container minor-meta\"><a href=\"https:\/\/www.visdom.be\/fr\/boost-online-presence-website-design\/#respond\" class=\"comments-link\" >0 Commentaires<\/a><\/span><span class=\"text-sep\">\/<\/span><span class=\"blog-categories minor-meta\">dans <a href=\"https:\/\/www.visdom.be\/fr\/category\/news-fr\/\" rel=\"tag\">Actualit\u00e9s<\/a><\/span><span class=\"text-sep\">\/<\/span><span class=\"blog-author minor-meta\">par <span class=\"entry-author-link\"  itemprop=\"author\" ><span class=\"author\"><span class=\"fn\"><a href=\"https:\/\/www.visdom.be\/fr\/author\/manojkok\/\" title=\"Articles par Admin\" rel=\"author\">Admin<\/a><\/span><\/span><\/span><\/span><\/span><\/header><p>Boost Your Online Presence: Expert Website Design Tips for Entrepreneurs In today&rsquo;s digital age, having a strong online presence is crucial for the success of any business, especially for entrepreneurs venturing into the competitive market. Central to this is the design of your website, as it serves as the digital face of your business. To [&hellip;]<\/p>\n<div class=\"read-more-link\"><a href=\"https:\/\/www.visdom.be\/fr\/boost-online-presence-website-design\/\" class=\"more-link\">Lire la suite<span class=\"more-link-arrow\"><\/span><\/a><\/div><footer class=\"entry-footer\"><\/footer><div class='post_delimiter'><\/div><\/div><div class=\"post_author_timeline\"><\/div><span class='hidden'>\n\t\t\t\t<span class='av-structured-data'  itemprop=\"image\" itemscope=\"itemscope\" itemtype=\"https:\/\/schema.org\/ImageObject\" >\n\t\t\t\t\t\t<span itemprop='url'>https:\/\/www.visdom.be\/wp-content\/uploads\/2024\/01\/Wi-Logo-02-254x300.png<\/span>\n\t\t\t\t\t\t<span itemprop='height'>0<\/span>\n\t\t\t\t\t\t<span itemprop='width'>0<\/span>\n\t\t\t\t<\/span>\n\t\t\t\t<span class='av-structured-data'  itemprop=\"publisher\" itemtype=\"https:\/\/schema.org\/Organization\" itemscope=\"itemscope\" >\n\t\t\t\t\t\t<span itemprop='name'>Admin<\/span>\n\t\t\t\t\t\t<span itemprop='logo' itemscope itemtype='https:\/\/schema.org\/ImageObject'>\n\t\t\t\t\t\t\t<span itemprop='url'>https:\/\/www.visdom.be\/wp-content\/uploads\/2024\/01\/Wi-Logo-02-254x300.png<\/span>\n\t\t\t\t\t\t<\/span>\n\t\t\t\t<\/span><span class='av-structured-data'  itemprop=\"author\" itemscope=\"itemscope\" itemtype=\"https:\/\/schema.org\/Person\" ><span itemprop='name'>Admin<\/span><\/span><span class='av-structured-data'  itemprop=\"datePublished\" datetime=\"2024-02-27T07:05:55+00:00\" >2024-02-27 07:05:55<\/span><span class='av-structured-data'  itemprop=\"dateModified\" itemtype=\"https:\/\/schema.org\/dateModified\" >2024-02-27 07:05:55<\/span><span class='av-structured-data'  itemprop=\"mainEntityOfPage\" itemtype=\"https:\/\/schema.org\/mainEntityOfPage\" ><span itemprop='name'>Website Design Tips for Entrepreneurs Boost Online Presence \u2013 Visdom<\/span><\/span><\/span><\/article><article class=\"post-entry post-entry-type-standard post-entry-810 post-loop-2 post-parity-even post-entry-last bloglist-excerpt with-slider post-810 post type-post status-publish format-standard has-post-thumbnail hentry category-non-classifiee\"  itemscope=\"itemscope\" itemtype=\"https:\/\/schema.org\/BlogPosting\" ><div class=\"blog-meta\"><\/div><div class='entry-content-wrapper clearfix standard-content'><header class=\"entry-content-header\"><h2 class='post-title entry-title '  itemprop=\"headline\" ><a href=\"https:\/\/www.visdom.be\/fr\/navigating-the-it-waters-outsourcing-with-a-smile\/\" rel=\"bookmark\" title=\"Lien permanent : Navigating the IT Waters: Outsourcing with a Smile!\">Navigating the IT Waters: Outsourcing with a Smile!<span class=\"post-format-icon minor-meta\"><\/span><\/a><\/h2><span class=\"post-meta-infos\"><time class=\"date-container minor-meta updated\"  itemprop=\"datePublished\" datetime=\"2024-02-06T10:33:38+00:00\" >f\u00e9vrier 6, 2024<\/time><span class=\"text-sep\">\/<\/span><span class=\"comment-container minor-meta\"><a href=\"https:\/\/www.visdom.be\/fr\/navigating-the-it-waters-outsourcing-with-a-smile\/#respond\" class=\"comments-link\" >0 Commentaires<\/a><\/span><span class=\"text-sep\">\/<\/span><span class=\"blog-categories minor-meta\">dans <a href=\"https:\/\/www.visdom.be\/fr\/category\/non-classifiee\/\" rel=\"tag\">Tendances du secteur<\/a><\/span><span class=\"text-sep\">\/<\/span><span class=\"blog-author minor-meta\">par <span class=\"entry-author-link\"  itemprop=\"author\" ><span class=\"author\"><span class=\"fn\"><a href=\"https:\/\/www.visdom.be\/fr\/author\/manojkok\/\" title=\"Articles par Admin\" rel=\"author\">Admin<\/a><\/span><\/span><\/span><\/span><\/span><\/header><p>In the labyrinth of tech business, outsourcing IT services might be the superhero sidekick. But hey, even superheroes have their kryptonite. Let&rsquo;s take a peek at some of these challenges because, let&rsquo;s be honest, every hero&rsquo;s tale needs a little drama, right? Expertise, but Communication capes: \ud83e\uddb8\ud83d\udde3\ufe0f So, I summon the tech wizards through outsourcing, [&hellip;]<\/p>\n<div class=\"read-more-link\"><a href=\"https:\/\/www.visdom.be\/fr\/navigating-the-it-waters-outsourcing-with-a-smile\/\" class=\"more-link\">Lire la suite<span class=\"more-link-arrow\"><\/span><\/a><\/div><footer class=\"entry-footer\"><\/footer><div class='post_delimiter'><\/div><\/div><div class=\"post_author_timeline\"><\/div><span class='hidden'>\n\t\t\t\t<span class='av-structured-data'  itemprop=\"image\" itemscope=\"itemscope\" itemtype=\"https:\/\/schema.org\/ImageObject\" >\n\t\t\t\t\t\t<span itemprop='url'>https:\/\/www.visdom.be\/wp-content\/uploads\/2024\/02\/1707157941870.png<\/span>\n\t\t\t\t\t\t<span itemprop='height'>720<\/span>\n\t\t\t\t\t\t<span itemprop='width'>720<\/span>\n\t\t\t\t<\/span>\n\t\t\t\t<span class='av-structured-data'  itemprop=\"publisher\" itemtype=\"https:\/\/schema.org\/Organization\" itemscope=\"itemscope\" >\n\t\t\t\t\t\t<span itemprop='name'>Admin<\/span>\n\t\t\t\t\t\t<span itemprop='logo' itemscope itemtype='https:\/\/schema.org\/ImageObject'>\n\t\t\t\t\t\t\t<span itemprop='url'>https:\/\/www.visdom.be\/wp-content\/uploads\/2024\/01\/Wi-Logo-02-254x300.png<\/span>\n\t\t\t\t\t\t<\/span>\n\t\t\t\t<\/span><span class='av-structured-data'  itemprop=\"author\" itemscope=\"itemscope\" itemtype=\"https:\/\/schema.org\/Person\" ><span itemprop='name'>Admin<\/span><\/span><span class='av-structured-data'  itemprop=\"datePublished\" datetime=\"2024-02-06T10:33:38+00:00\" >2024-02-06 10:33:38<\/span><span class='av-structured-data'  itemprop=\"dateModified\" itemtype=\"https:\/\/schema.org\/dateModified\" >2024-02-27 10:16:42<\/span><span class='av-structured-data'  itemprop=\"mainEntityOfPage\" itemtype=\"https:\/\/schema.org\/mainEntityOfPage\" ><span itemprop='name'>Navigating the IT Waters: Outsourcing with a Smile!<\/span><\/span><\/span><\/article><div class='bloglist-excerpt'><\/div><\/div>\n","protected":false},"excerpt":{"rendered":"","protected":false},"author":1,"featured_media":0,"parent":0,"menu_order":0,"comment_status":"open","ping_status":"closed","template":"","meta":{"_seopress_robots_primary_cat":"","_seopress_titles_title":"","_seopress_titles_desc":"","_seopress_robots_index":"","footnotes":""},"class_list":["post-811","page","type-page","status-publish","hentry"],"_links":{"self":[{"href":"https:\/\/www.visdom.be\/fr\/wp-json\/wp\/v2\/pages\/811","targetHints":{"allow":["GET"]}}],"collection":[{"href":"https:\/\/www.visdom.be\/fr\/wp-json\/wp\/v2\/pages"}],"about":[{"href":"https:\/\/www.visdom.be\/fr\/wp-json\/wp\/v2\/types\/page"}],"author":[{"embeddable":true,"href":"https:\/\/www.visdom.be\/fr\/wp-json\/wp\/v2\/users\/1"}],"replies":[{"embeddable":true,"href":"https:\/\/www.visdom.be\/fr\/wp-json\/wp\/v2\/comments?post=811"}],"version-history":[{"count":5,"href":"https:\/\/www.visdom.be\/fr\/wp-json\/wp\/v2\/pages\/811\/revisions"}],"predecessor-version":[{"id":999,"href":"https:\/\/www.visdom.be\/fr\/wp-json\/wp\/v2\/pages\/811\/revisions\/999"}],"wp:attachment":[{"href":"https:\/\/www.visdom.be\/fr\/wp-json\/wp\/v2\/media?parent=811"}],"curies":[{"name":"wp","href":"https:\/\/api.w.org\/{rel}","templated":true}]}}