{"id":809,"date":"2014-08-29T01:35:07","date_gmt":"2014-08-29T01:35:07","guid":{"rendered":"https:\/\/www.visdom.be\/featured-works\/"},"modified":"2024-02-21T10:00:49","modified_gmt":"2024-02-21T10:00:49","slug":"featured-works","status":"publish","type":"page","link":"https:\/\/www.visdom.be\/fr\/featured-works\/","title":{"rendered":"R\u00e9alisations"},"content":{"rendered":"\n<style type=\"text\/css\" data-created_by=\"avia_inline_auto\" id=\"style-css-av-av_section-46cc6d7edd552c5fc587d00c3bb0f599\">\n.avia-section.av-av_section-46cc6d7edd552c5fc587d00c3bb0f599{\nbackground-color:#697282;\nbackground-image:unset;\n}\n.avia-section.av-av_section-46cc6d7edd552c5fc587d00c3bb0f599 .av-extra-border-element .av-extra-border-inner{\nbackground-color:#697282;\n}\n<\/style>\n<div id='av_section_1'  class='avia-section av-av_section-46cc6d7edd552c5fc587d00c3bb0f599 main_color avia-section-default avia-no-border-styling  avia-builder-el-0  el_before_av_section  avia-builder-el-first  avia-bg-style-scroll av-arrow-down-section av-minimum-height av-minimum-height-custom av-height-custom  container_wrap sidebar_right'   data-av_minimum_height_px='330'><div class='container av-section-cont-open' style='height:330px'><main  role=\"main\" itemprop=\"mainContentOfPage\"  class='template-page content  av-content-small alpha units'><div class='post-entry post-entry-type-page post-entry-809'><div class='entry-content-wrapper clearfix'>\n\n<style type=\"text\/css\" data-created_by=\"avia_inline_auto\" id=\"style-css-av-lsl6zfsc-a997027ea57ae76368130da3e8e5db63\">\n#top .av-special-heading.av-lsl6zfsc-a997027ea57ae76368130da3e8e5db63{\npadding-bottom:40px;\ncolor:#ffffff;\nfont-size:72px;\n}\nbody .av-special-heading.av-lsl6zfsc-a997027ea57ae76368130da3e8e5db63 .av-special-heading-tag .heading-char{\nfont-size:25px;\n}\n#top #wrap_all .av-special-heading.av-lsl6zfsc-a997027ea57ae76368130da3e8e5db63 .av-special-heading-tag{\nfont-size:72px;\n}\n.av-special-heading.av-lsl6zfsc-a997027ea57ae76368130da3e8e5db63 .special-heading-inner-border{\nborder-color:#ffffff;\n}\n.av-special-heading.av-lsl6zfsc-a997027ea57ae76368130da3e8e5db63 .av-subheading{\nfont-size:20px;\n}\n\n@media only screen and (max-width: 479px){ \n#top #wrap_all .av-special-heading.av-lsl6zfsc-a997027ea57ae76368130da3e8e5db63 .av-special-heading-tag{\nfont-size:35px;\n}\n}\n\n@media only screen and (min-width: 480px) and (max-width: 767px){ \n#top #wrap_all .av-special-heading.av-lsl6zfsc-a997027ea57ae76368130da3e8e5db63 .av-special-heading-tag{\nfont-size:0.8em;\n}\n}\n<\/style>\n<div  class='av-special-heading av-lsl6zfsc-a997027ea57ae76368130da3e8e5db63 av-special-heading-h2 custom-color-heading blockquote modern-quote  avia-builder-el-1  avia-builder-el-no-sibling  av-inherit-size'><h2 class='av-special-heading-tag'  itemprop=\"headline\"  >R\u00e9alisations<\/h2><div class=\"special-heading-border\"><div class=\"special-heading-inner-border\"><\/div><\/div><\/div>\n<\/div><\/div><\/main><!-- close content main element --><\/div><div class='av-extra-border-element border-extra-arrow-down'><div class='av-extra-border-outer'><div class='av-extra-border-inner'><\/div><\/div><\/div><\/div><div id='av_section_2'  class='avia-section av-av_section-7fd4abb7af00369f13c62e62c4f2f0c6 main_color avia-section-small avia-no-border-styling  avia-builder-el-2  el_after_av_section  el_before_av_masonry_entries  avia-bg-style-scroll container_wrap sidebar_right'  ><div class=\"av-section-color-overlay-wrap\"><a href='#next-section' title='' class='scroll-down-link ' aria-hidden='true' data-av_icon='\ue877' data-av_iconfont='entypo-fontello'><\/a><div class='container av-section-cont-open' ><div class='template-page content  av-content-small alpha units'><div class='post-entry post-entry-type-page post-entry-809'><div class='entry-content-wrapper clearfix'>\n<section  class='av_textblock_section av-lsl6zzgl-5988376baba3335f55c5f9715658e114 '   itemscope=\"itemscope\" itemtype=\"https:\/\/schema.org\/CreativeWork\" ><div class='avia_textblock'  itemprop=\"text\" ><p>Explorez les r\u00e9cits de succ\u00e8s et les transformations digitales con\u00e7ues par VISDOM et ses partenaires. Nous sommes fiers de notre portefeuille diversifi\u00e9, qui pr\u00e9sente un \u00e9ventail de projets mettant en \u00e9vidence notre expertise en d\u00e9veloppement de sites web, r\u00e9daction technique et cr\u00e9ative, gestion des connaissances, support applicatif, gestion de la prestation de services, gestion des incidents et service client international.<\/p>\n<\/div><\/section>\n<\/p>\n<div id='av-masonry-1' class='av-masonry av-av_masonry_entries-7f497c8a745bd525e420b0438d1befc4 noHover av-fixed-size av-no-gap av-hover-overlay-active av-masonry-animation-active av-masonry-col-flexible av-caption-on-hover av-caption-style- av-masonry-entries ' data-post_id=\"809\"><div class=\"av-masonry-container isotope av-js-disabled\"><div class='av-masonry-entry isotope-item av-masonry-item-no-image all_sort web-design-fr_sort '><\/div><a href=\"https:\/\/www.visdom.be\/fr\/portfolio-item\/webcurso\/\"  id='av-masonry-1-item-991' data-av-masonry-item='991' class='av-masonry-entry isotope-item post-991 portfolio type-portfolio status-publish has-post-thumbnail hentry portfolio_entries-web-design-fr all_sort web-design-fr_sort  av-masonry-item-with-image av-grid-img' title=\"Webcurso\"   itemscope=\"itemscope\" itemtype=\"https:\/\/schema.org\/CreativeWork\" ><div class='av-inner-masonry-sizer'><\/div><figure class='av-inner-masonry main_color'><div class=\"av-masonry-outerimage-container\"><div class='av-masonry-image-container' style=\"background-image: url(https:\/\/www.visdom.be\/wp-content\/uploads\/2024\/02\/Webcurso-231x705.png);\"  title=\"Webcurso\"  ><\/div><\/div><figcaption class='av-inner-masonry-content site-background'><div class='av-inner-masonry-content-pos'><div class='av-inner-masonry-content-pos-content'><div class='avia-arrow'><\/div><h3 class='av-masonry-entry-title entry-title '  itemprop=\"headline\" >Webcurso<\/h3><\/div><\/div><\/figcaption><\/figure><\/a><!--end av-masonry entry--><a href=\"https:\/\/www.visdom.be\/fr\/portfolio-item\/batiola\/\"  id='av-masonry-1-item-802' data-av-masonry-item='802' class='av-masonry-entry isotope-item post-802 portfolio type-portfolio status-publish has-post-thumbnail hentry tag-landscape-fr-2 tag-portrait-fr-2 portfolio_entries-web-design-fr all_sort web-design-fr_sort  av-masonry-item-with-image av-portrait-img av-landscape-img' title=\"Batiola(1)\"   itemscope=\"itemscope\" itemtype=\"https:\/\/schema.org\/CreativeWork\" ><div class='av-inner-masonry-sizer'><\/div><figure class='av-inner-masonry main_color'><div class=\"av-masonry-outerimage-container\"><div class='av-masonry-image-container' style=\"background-image: url(https:\/\/www.visdom.be\/wp-content\/uploads\/2024\/01\/Batiola1.png);\"  title=\"Batiola(1)\"   alt=\"Innovative Website Solutions - Visdom\" ><\/div><\/div><figcaption class='av-inner-masonry-content site-background'><div class='av-inner-masonry-content-pos'><div class='av-inner-masonry-content-pos-content'><div class='avia-arrow'><\/div><h3 class='av-masonry-entry-title entry-title '  itemprop=\"headline\" >Batiola<\/h3><\/div><\/div><\/figcaption><\/figure><\/a><!--end av-masonry entry--><a href=\"https:\/\/www.visdom.be\/fr\/portfolio-item\/pindathon\/\"  id='av-masonry-1-item-803' data-av-masonry-item='803' class='av-masonry-entry isotope-item post-803 portfolio type-portfolio status-publish has-post-thumbnail hentry tag-landscape-fr-2 portfolio_entries-web-design-fr all_sort web-design-fr_sort  av-masonry-item-with-image av-landscape-img' title=\"Pindathon(1)\"   itemscope=\"itemscope\" itemtype=\"https:\/\/schema.org\/CreativeWork\" ><div class='av-inner-masonry-sizer'><\/div><figure class='av-inner-masonry main_color'><div class=\"av-masonry-outerimage-container\"><div class='av-masonry-image-container' style=\"background-image: url(https:\/\/www.visdom.be\/wp-content\/uploads\/2014\/09\/Pindathon1-705x705.png);\"  title=\"Pindathon(1)\"   alt=\"Innovative Website Solutions - Visdom\" ><\/div><\/div><figcaption class='av-inner-masonry-content site-background'><div class='av-inner-masonry-content-pos'><div class='av-inner-masonry-content-pos-content'><div class='avia-arrow'><\/div><h3 class='av-masonry-entry-title entry-title '  itemprop=\"headline\" >Pindathon<\/h3><\/div><\/div><\/figcaption><\/figure><\/a><!--end av-masonry entry--><a href=\"https:\/\/www.visdom.be\/fr\/portfolio-item\/online-blood\/\"  id='av-masonry-1-item-804' data-av-masonry-item='804' class='av-masonry-entry isotope-item post-804 portfolio type-portfolio status-publish has-post-thumbnail hentry portfolio_entries-web-design-fr all_sort web-design-fr_sort  av-masonry-item-with-image av-grid-img' title=\"Online-Blood(1)\"   itemscope=\"itemscope\" itemtype=\"https:\/\/schema.org\/CreativeWork\" ><div class='av-inner-masonry-sizer'><\/div><figure class='av-inner-masonry main_color'><div class=\"av-masonry-outerimage-container\"><div class='av-masonry-image-container' style=\"background-image: url(https:\/\/www.visdom.be\/wp-content\/uploads\/2014\/09\/Online-Blood1-705x705.png);\"  title=\"Online-Blood(1)\"   alt=\"Innovative Website Solutions - Visdom\" ><\/div><\/div><figcaption class='av-inner-masonry-content site-background'><div class='av-inner-masonry-content-pos'><div class='av-inner-masonry-content-pos-content'><div class='avia-arrow'><\/div><h3 class='av-masonry-entry-title entry-title '  itemprop=\"headline\" >Online Blood<\/h3><\/div><\/div><\/figcaption><\/figure><\/a><!--end av-masonry entry--><a href=\"https:\/\/www.visdom.be\/fr\/portfolio-item\/mala-universe\/\"  id='av-masonry-1-item-805' data-av-masonry-item='805' class='av-masonry-entry isotope-item post-805 portfolio type-portfolio status-publish has-post-thumbnail hentry portfolio_entries-web-design-fr all_sort web-design-fr_sort  av-masonry-item-with-image av-grid-img' title=\"Mala-Universe(1)\"   itemscope=\"itemscope\" itemtype=\"https:\/\/schema.org\/CreativeWork\" ><div class='av-inner-masonry-sizer'><\/div><figure class='av-inner-masonry main_color'><div class=\"av-masonry-outerimage-container\"><div class='av-masonry-image-container' style=\"background-image: url(https:\/\/www.visdom.be\/wp-content\/uploads\/2014\/09\/Mala-Universe1-705x705.png);\"  title=\"Mala-Universe(1)\"   alt=\"Innovative Website Solutions - Visdom\" ><\/div><\/div><figcaption class='av-inner-masonry-content site-background'><div class='av-inner-masonry-content-pos'><div class='av-inner-masonry-content-pos-content'><div class='avia-arrow'><\/div><h3 class='av-masonry-entry-title entry-title '  itemprop=\"headline\" >Mala Universe<\/h3><\/div><\/div><\/figcaption><\/figure><\/a><!--end av-masonry entry--><\/div><\/div>\n<div id='hidesection'  class='avia-section av-av_section-bb6db61704c67011573b4a87fb8f1639 main_color avia-section-default avia-no-shadow  avia-builder-el-5  el_after_av_masonry_entries  avia-builder-el-last  avia-bg-style-scroll container_wrap sidebar_right'  ><div class='container av-section-cont-open' ><div class='template-page content  av-content-small alpha units'><div class='post-entry post-entry-type-page post-entry-809'><div class='entry-content-wrapper clearfix'>\n<div  class='flex_column av-av_one_third-2a9015ff38129c418a3f2eafba3e9512 av_one_third  avia-builder-el-6  el_before_av_one_third  avia-builder-el-first  first flex_column_div  '     ><style type=\"text\/css\" data-created_by=\"avia_inline_auto\" id=\"style-css-av-av_icon_box-fb6fe7a32807315fe572727ec556fc79\">\n.iconbox.av-av_icon_box-fb6fe7a32807315fe572727ec556fc79 .iconbox_icon{\nborder:1px solid #697282;\ncolor:#697282;\n}\n<\/style>\n<article  class='iconbox iconbox_left_content av-av_icon_box-fb6fe7a32807315fe572727ec556fc79  avia-builder-el-7  avia-builder-el-no-sibling '  itemscope=\"itemscope\" itemtype=\"https:\/\/schema.org\/CreativeWork\" ><div class=\"iconbox_icon heading-color\" aria-hidden='true' data-av_icon='\ue80a' data-av_iconfont='entypo-fontello'><\/div><div class=\"iconbox_content\"><header class=\"entry-content-header\"><h3 class='iconbox_content_title '  itemprop=\"headline\" >IconBox Title<\/h3><\/header><div class='iconbox_content_container '  itemprop=\"text\" ><p>Aenean e penatibus et magnis dis parturient montes, nascetur ridiculus mus.\u00a0Lorem ipsum dolor sit amet, consectetuer adipiscing elit.<\/p>\n<\/div><\/div><footer class=\"entry-footer\"><\/footer><\/article><\/div><div  class='flex_column av-av_one_third-e8b5fe92f046e7242c54fd1caeab6ce2 av_one_third  avia-builder-el-8  el_after_av_one_third  el_before_av_one_third  flex_column_div  '     ><style type=\"text\/css\" data-created_by=\"avia_inline_auto\" id=\"style-css-av-av_icon_box-d553971404c70bdfa221bcdc3b6d7d6a\">\n.iconbox.av-av_icon_box-d553971404c70bdfa221bcdc3b6d7d6a .iconbox_icon{\nborder:1px solid #697282;\ncolor:#697282;\n}\n<\/style>\n<article  class='iconbox iconbox_left_content av-av_icon_box-d553971404c70bdfa221bcdc3b6d7d6a  avia-builder-el-9  avia-builder-el-no-sibling '  itemscope=\"itemscope\" itemtype=\"https:\/\/schema.org\/CreativeWork\" ><div class=\"iconbox_icon heading-color\" aria-hidden='true' data-av_icon='\ue808' data-av_iconfont='entypo-fontello'><\/div><div class=\"iconbox_content\"><header class=\"entry-content-header\"><h3 class='iconbox_content_title '  itemprop=\"headline\" >IconBox Title<\/h3><\/header><div class='iconbox_content_container '  itemprop=\"text\" ><p>Aenean e penatibus et magnis dis parturient montes, nascetur ridiculus mus.\u00a0Lorem ipsum dolor sit amet, consectetuer adipiscing elit.<\/p>\n<\/div><\/div><footer class=\"entry-footer\"><\/footer><\/article><\/div><div  class='flex_column av-av_one_third-e8b5fe92f046e7242c54fd1caeab6ce2 av_one_third  avia-builder-el-10  el_after_av_one_third  avia-builder-el-last  flex_column_div  '     ><style type=\"text\/css\" data-created_by=\"avia_inline_auto\" id=\"style-css-av-av_icon_box-832697c269ea08dcffd2e88273ce4f4a\">\n.iconbox.av-av_icon_box-832697c269ea08dcffd2e88273ce4f4a .iconbox_icon{\nborder:1px solid #697282;\ncolor:#697282;\n}\n<\/style>\n<article  class='iconbox iconbox_left_content av-av_icon_box-832697c269ea08dcffd2e88273ce4f4a  avia-builder-el-11  avia-builder-el-no-sibling '  itemscope=\"itemscope\" itemtype=\"https:\/\/schema.org\/CreativeWork\" ><div class=\"iconbox_icon heading-color\" aria-hidden='true' data-av_icon='\ue856' data-av_iconfont='entypo-fontello'><\/div><div class=\"iconbox_content\"><header class=\"entry-content-header\"><h3 class='iconbox_content_title '  itemprop=\"headline\" >IconBox Title<\/h3><\/header><div class='iconbox_content_container '  itemprop=\"text\" ><p>Aenean e penatibus et magnis dis parturient montes, nascetur ridiculus mus.\u00a0Lorem ipsum dolor sit amet, consectetuer adipiscing elit.<\/p>\n<\/div><\/div><footer class=\"entry-footer\"><\/footer><\/article><\/div>\n<\/div><\/div><\/div><!-- close content main div --><\/div><\/div><div id='after_section_3'  class='main_color av_default_container_wrap container_wrap sidebar_right'  ><div class='container av-section-cont-open' ><div class='template-page content  av-content-small alpha units'><div class='post-entry post-entry-type-page post-entry-809'><div class='entry-content-wrapper clearfix'>\n","protected":false},"excerpt":{"rendered":"","protected":false},"author":1,"featured_media":0,"parent":0,"menu_order":0,"comment_status":"open","ping_status":"closed","template":"","meta":{"_seopress_robots_primary_cat":"","_seopress_titles_title":"","_seopress_titles_desc":"","_seopress_robots_index":"","footnotes":""},"class_list":["post-809","page","type-page","status-publish","hentry"],"_links":{"self":[{"href":"https:\/\/www.visdom.be\/fr\/wp-json\/wp\/v2\/pages\/809","targetHints":{"allow":["GET"]}}],"collection":[{"href":"https:\/\/www.visdom.be\/fr\/wp-json\/wp\/v2\/pages"}],"about":[{"href":"https:\/\/www.visdom.be\/fr\/wp-json\/wp\/v2\/types\/page"}],"author":[{"embeddable":true,"href":"https:\/\/www.visdom.be\/fr\/wp-json\/wp\/v2\/users\/1"}],"replies":[{"embeddable":true,"href":"https:\/\/www.visdom.be\/fr\/wp-json\/wp\/v2\/comments?post=809"}],"version-history":[{"count":4,"href":"https:\/\/www.visdom.be\/fr\/wp-json\/wp\/v2\/pages\/809\/revisions"}],"predecessor-version":[{"id":959,"href":"https:\/\/www.visdom.be\/fr\/wp-json\/wp\/v2\/pages\/809\/revisions\/959"}],"wp:attachment":[{"href":"https:\/\/www.visdom.be\/fr\/wp-json\/wp\/v2\/media?parent=809"}],"curies":[{"name":"wp","href":"https:\/\/api.w.org\/{rel}","templated":true}]}}