{"id":808,"date":"2014-08-29T02:09:43","date_gmt":"2014-08-29T02:09:43","guid":{"rendered":"https:\/\/www.visdom.be\/contact\/"},"modified":"2024-02-27T10:14:32","modified_gmt":"2024-02-27T10:14:32","slug":"contact","status":"publish","type":"page","link":"https:\/\/www.visdom.be\/fr\/contact\/","title":{"rendered":"Contact"},"content":{"rendered":"\n<style type=\"text\/css\" data-created_by=\"avia_inline_auto\" id=\"style-css-av-av_section-35a1b7f51c5edf1a17487b260db09c80\">\n.avia-section.av-av_section-35a1b7f51c5edf1a17487b260db09c80{\nbackground-color:#52a8d1;\nbackground-image:unset;\n}\n.avia-section.av-av_section-35a1b7f51c5edf1a17487b260db09c80 .av-extra-border-element .av-extra-border-inner{\nbackground-color:#52a8d1;\n}\n<\/style>\n<div id='av_section_1'  class='avia-section av-av_section-35a1b7f51c5edf1a17487b260db09c80 main_color avia-section-no-padding avia-no-border-styling  avia-builder-el-0  el_before_av_layout_row  avia-builder-el-first  avia-bg-style-scroll av-arrow-down-section av-minimum-height av-minimum-height-custom av-height-custom  container_wrap sidebar_right'   data-av_minimum_height_px='330'><div class='container av-section-cont-open' style='height:330px'><main  role=\"main\" itemprop=\"mainContentOfPage\"  class='template-page content  av-content-small alpha units'><div class='post-entry post-entry-type-page post-entry-808'><div class='entry-content-wrapper clearfix'>\n\n<style type=\"text\/css\" data-created_by=\"avia_inline_auto\" id=\"style-css-av-lsl72jun-11715c9fe0e072e27a727e96776f35ff\">\n#top .av-special-heading.av-lsl72jun-11715c9fe0e072e27a727e96776f35ff{\npadding-bottom:40px;\ncolor:#ffffff;\nfont-size:72px;\n}\nbody .av-special-heading.av-lsl72jun-11715c9fe0e072e27a727e96776f35ff .av-special-heading-tag .heading-char{\nfont-size:25px;\n}\n#top #wrap_all .av-special-heading.av-lsl72jun-11715c9fe0e072e27a727e96776f35ff .av-special-heading-tag{\nfont-size:72px;\n}\n.av-special-heading.av-lsl72jun-11715c9fe0e072e27a727e96776f35ff .special-heading-inner-border{\nborder-color:#ffffff;\n}\n.av-special-heading.av-lsl72jun-11715c9fe0e072e27a727e96776f35ff .av-subheading{\nfont-size:20px;\n}\n\n@media only screen and (max-width: 479px){ \n#top #wrap_all .av-special-heading.av-lsl72jun-11715c9fe0e072e27a727e96776f35ff .av-special-heading-tag{\nfont-size:40px;\n}\n}\n\n@media only screen and (min-width: 480px) and (max-width: 767px){ \n#top #wrap_all .av-special-heading.av-lsl72jun-11715c9fe0e072e27a727e96776f35ff .av-special-heading-tag{\nfont-size:0.8em;\n}\n}\n<\/style>\n<div  class='av-special-heading av-lsl72jun-11715c9fe0e072e27a727e96776f35ff av-special-heading-h2 custom-color-heading blockquote modern-quote  avia-builder-el-1  avia-builder-el-no-sibling  av-inherit-size'><h2 class='av-special-heading-tag'  itemprop=\"headline\"  >ENTAMONS LA DISCUSSION<\/h2><div class='av_custom_color av-subheading av-subheading_below'><p>Nous sommes impatients de vous entendre ! Contactez-nous via les canaux ci-dessous et laissez les bonnes vibrations vous envahir :<\/p>\n<\/div><div class=\"special-heading-border\"><div class=\"special-heading-inner-border\"><\/div><\/div><\/div>\n\n<\/div><\/div><\/main><!-- close content main element --><\/div><div class='av-extra-border-element border-extra-arrow-down'><div class='av-extra-border-outer'><div class='av-extra-border-inner'><\/div><\/div><\/div><\/div><div id='av-layout-grid-1'  class='av-layout-grid-container av-av_layout_row-6c8606c6086e1f9a41da07df354a41ed entry-content-wrapper main_color av-flex-cells  avia-builder-el-2  el_after_av_section  el_before_av_section  grid-row-not-first  container_wrap sidebar_right'  >\n\n<style type=\"text\/css\" data-created_by=\"avia_inline_auto\" id=\"style-css-av-av_cell_three_fifth-a4e9076c315fd8d26fb37c66a11f6dce\">\n.flex_cell.av-av_cell_three_fifth-a4e9076c315fd8d26fb37c66a11f6dce{\nvertical-align:top;\n}\n.responsive #top #wrap_all .flex_cell.av-av_cell_three_fifth-a4e9076c315fd8d26fb37c66a11f6dce{\npadding:60px 60px 60px 60px !important;\n}\n<\/style>\n<div class='flex_cell av-av_cell_three_fifth-a4e9076c315fd8d26fb37c66a11f6dce av-gridrow-cell av_three_fifth no_margin  avia-builder-el-3  el_before_av_cell_two_fifth  avia-builder-el-first '  ><div class='flex_cell_inner'><p>\n<style type=\"text\/css\" data-created_by=\"avia_inline_auto\" id=\"style-css-av-lsl72zin-6d523c665abadb9cd98f782204a94c0a\">\n#top .av-special-heading.av-lsl72zin-6d523c665abadb9cd98f782204a94c0a{\npadding-bottom:10px;\n}\nbody .av-special-heading.av-lsl72zin-6d523c665abadb9cd98f782204a94c0a .av-special-heading-tag .heading-char{\nfont-size:25px;\n}\n.av-special-heading.av-lsl72zin-6d523c665abadb9cd98f782204a94c0a .av-subheading{\nfont-size:15px;\n}\n<\/style>\n<div  class='av-special-heading av-lsl72zin-6d523c665abadb9cd98f782204a94c0a av-special-heading-h2 blockquote modern-quote  avia-builder-el-4  el_before_av_textblock  avia-builder-el-first '><h2 class='av-special-heading-tag'  itemprop=\"headline\"  >Laissez-nous un mot !<\/h2><div class=\"special-heading-border\"><div class=\"special-heading-inner-border\"><\/div><\/div><\/div><br \/>\n<section  class='av_textblock_section av-lsl73c2x-864e8789128e2d83abaef138552aa5c8 '   itemscope=\"itemscope\" itemtype=\"https:\/\/schema.org\/CreativeWork\" ><div class='avia_textblock'  itemprop=\"text\" ><p>Vous avez une question sp\u00e9cifique, un projet en t\u00eate ou vous souhaitez simplement en discuter ? Utilisez le formulaire ci-dessous pour nous faire part de votre demande. Nous vous r\u00e9pondrons rapidement.<\/p>\n<\/div><\/section><br \/>\n<form action=\"https:\/\/www.visdom.be\/fr\/contact\/\" method=\"post\" data-fields-with-error=\"Erreurs trouv\u00e9es dans les champs suivants :\" class=\"avia_ajax_form av-form-labels-visible   avia-builder-el-6  el_after_av_textblock  avia-builder-el-last   \" data-avia-form-id=\"1\" data-avia-redirect='' ><fieldset><p class='  first_form  form_element form_element_half' id='element_avia_1_1'><label for=\"avia_1_1\">Nom <abbr class=\"required\" title=\"requis(e)\">*<\/abbr><\/label> <input name=\"avia_1_1\" class=\"text_input is_empty\" type=\"text\" id=\"avia_1_1\" value=\"\" \/><\/p><p class='  form_element form_element_half' id='element_avia_2_1'><label for=\"avia_2_1\">Soci\u00e9t\u00e9 <abbr class=\"required\" title=\"requis(e)\">*<\/abbr><\/label> <input name=\"avia_2_1\" class=\"text_input is_empty\" type=\"text\" id=\"avia_2_1\" value=\"\" \/><\/p><p class='  first_form  form_element form_element_half' id='element_avia_3_1'><label for=\"avia_3_1\">Email <abbr class=\"required\" title=\"requis(e)\">*<\/abbr><\/label> <input name=\"avia_3_1\" class=\"text_input is_email\" type=\"text\" id=\"avia_3_1\" value=\"\" \/><\/p><p class='  form_element form_element_half' id='element_avia_4_1'><label for=\"avia_4_1\">T\u00e9l\u00e9phone<\/label> <input name=\"avia_4_1\" class=\"text_input \" type=\"text\" id=\"avia_4_1\" value=\"\" \/><\/p><p class='  first_form  form_element form_fullwidth' id='element_avia_5_1'><label for=\"avia_5_1\" class=\"textare_label hidden textare_label_avia_5_1\">Message <abbr class=\"required\" title=\"requis(e)\">*<\/abbr><\/label><textarea  name=\"avia_5_1\" class=\"text_area is_empty\" cols=\"40\" rows=\"7\" id=\"avia_5_1\" ><\/textarea><\/p><p class=\"hidden\"><input type=\"text\" name=\"avia_6_1\" class=\"hidden \" id=\"avia_6_1\" value=\"\" \/><\/p><p class='   form_element form_fullwidth' id='element_avia_7_1'><span class='value_verifier_label'>2 + 2 = ?<\/span><input name=\"avia_7_1_verifier\" type=\"hidden\" id=\"avia_7_1_verifier\" value=\"415413553\"\/><label for=\"avia_7_1\">Merci de prouver que vous \u00eates un humain en donnant le r\u00e9sultat de cette op\u00e9ration <abbr class=\"required\" title=\"requis(e)\">*<\/abbr><\/label><input name=\"avia_7_1\" class=\"text_input captcha\" type=\"text\" id=\"avia_7_1\" value=\"\"\/><\/p><p class=\"form_element \"><input type=\"hidden\" value=\"1\" name=\"avia_generated_form1\" \/><input type=\"submit\" value=\"Envoyer\" class=\"button\"  data-sending-label=\"Envoi\"\/><\/p><\/fieldset><\/form><div id=\"ajaxresponse_1\" class=\"ajaxresponse ajaxresponse_1 hidden\"><\/div><\/p>\n<\/div><\/div>\n<style type=\"text\/css\" data-created_by=\"avia_inline_auto\" id=\"style-css-av-av_cell_two_fifth-4c9003e03b5fc26d139887913d74c44f\">\n.flex_cell.av-av_cell_two_fifth-4c9003e03b5fc26d139887913d74c44f{\nvertical-align:top;\n}\n.responsive #top #wrap_all .flex_cell.av-av_cell_two_fifth-4c9003e03b5fc26d139887913d74c44f{\npadding:60px 60px 60px 60px !important;\n}\n<\/style>\n<div class='flex_cell av-av_cell_two_fifth-4c9003e03b5fc26d139887913d74c44f av-gridrow-cell av_two_fifth no_margin  avia-builder-el-7  el_after_av_cell_three_fifth  avia-builder-el-last '  ><div class='flex_cell_inner'><p>\n<style type=\"text\/css\" data-created_by=\"avia_inline_auto\" id=\"style-css-av-lsl751oq-94cf3567afc53b82a4d1fedc91e1c7c7\">\n#top .av-special-heading.av-lsl751oq-94cf3567afc53b82a4d1fedc91e1c7c7{\npadding-bottom:10px;\n}\nbody .av-special-heading.av-lsl751oq-94cf3567afc53b82a4d1fedc91e1c7c7 .av-special-heading-tag .heading-char{\nfont-size:25px;\n}\n.av-special-heading.av-lsl751oq-94cf3567afc53b82a4d1fedc91e1c7c7 .av-subheading{\nfont-size:15px;\n}\n<\/style>\n<div  class='av-special-heading av-lsl751oq-94cf3567afc53b82a4d1fedc91e1c7c7 av-special-heading-h2 blockquote modern-quote  avia-builder-el-8  el_before_av_textblock  avia-builder-el-first '><h2 class='av-special-heading-tag'  itemprop=\"headline\"  >Passez Nous Voir<\/h2><div class=\"special-heading-border\"><div class=\"special-heading-inner-border\"><\/div><\/div><\/div><br \/>\n<section  class='av_textblock_section av-lsl75yoz-093edb81f58b34457193358e3067f52a '   itemscope=\"itemscope\" itemtype=\"https:\/\/schema.org\/CreativeWork\" ><div class='avia_textblock'  itemprop=\"text\" ><p>Si vous d\u00e9sirez une rencontre en personne pour discuter de votre projet, n&rsquo;h\u00e9sitez pas \u00e0 fixer un rendez-vous dans nos bureaux.<br \/>\nNotre bureau est id\u00e9alement situ\u00e9 au c\u0153ur de Bruxelles, facilement accessible et \u00e9quip\u00e9 pour r\u00e9pondre \u00e0 tous vos besoins.<\/p>\n<\/div><\/section><br \/>\n<article  class='iconbox iconbox_left av-lsl76zl9-90ca68dfc74ce8ae3ad0358c1dbef343  avia-builder-el-10  el_after_av_textblock  el_before_av_icon_box '  itemscope=\"itemscope\" itemtype=\"https:\/\/schema.org\/CreativeWork\" ><div class=\"iconbox_content\"><header class=\"entry-content-header\"><div class=\"iconbox_icon heading-color\" aria-hidden='true' data-av_icon='\ue842' data-av_iconfont='entypo-fontello'><\/div><h3 class='iconbox_content_title '  itemprop=\"headline\" >Adresse<\/h3><\/header><div class='iconbox_content_container '  itemprop=\"text\" ><p>VISDOM srl<br \/>\nSquare Marie-Louise 3<br \/>\n1000 Bruxelles<br \/>\nBelgique<br \/>\nN\u00b0 TVA : BE0781.747.843<\/p>\n<\/div><\/div><footer class=\"entry-footer\"><\/footer><\/article><br \/>\n<article  class='iconbox iconbox_left av-lsl7776g-4675345a2aac463b771b972534555420  avia-builder-el-11  el_after_av_icon_box  el_before_av_icon_box '  itemscope=\"itemscope\" itemtype=\"https:\/\/schema.org\/CreativeWork\" ><div class=\"iconbox_content\"><header class=\"entry-content-header\"><div class=\"iconbox_icon heading-color\" aria-hidden='true' data-av_icon='\ue854' data-av_iconfont='entypo-fontello'><\/div><h3 class='iconbox_content_title '  itemprop=\"headline\" >T\u00e9l\u00e9phone<\/h3><\/header><div class='iconbox_content_container '  itemprop=\"text\" ><p>+32 (0) 473 99 86 79<\/p>\n<\/div><\/div><footer class=\"entry-footer\"><\/footer><\/article><br \/>\n<article  class='iconbox iconbox_left av-lsl77y6b-e2e0589e675ae69b55442cc0bc4186e3  avia-builder-el-12  el_after_av_icon_box  avia-builder-el-last '  itemscope=\"itemscope\" itemtype=\"https:\/\/schema.org\/CreativeWork\" ><div class=\"iconbox_content\"><header class=\"entry-content-header\"><div class=\"iconbox_icon heading-color\" aria-hidden='true' data-av_icon='\ue83d' data-av_iconfont='entypo-fontello'><\/div><h3 class='iconbox_content_title '  itemprop=\"headline\" >Horaires d\u2019ouverture (sur rendez-vous)<\/h3><\/header><div class='iconbox_content_container '  itemprop=\"text\" ><p>Lundi \u2013 Vendredi : 9h00 \u00e0 18h00<br \/>\nSamedi : 10h00 \u00e0 14h00<br \/>\n(Ferm\u00e9 le dimanche et les jours f\u00e9ri\u00e9s)<\/p>\n<\/div><\/div><footer class=\"entry-footer\"><\/footer><\/article><\/p>\n<\/div><\/div><\/div><div id='av_section_2'  class='avia-section av-av_section-6a766f769484b0f31d7af9caf48af809 main_color avia-section-small avia-no-border-styling  avia-builder-el-13  el_after_av_layout_row  avia-builder-el-last  avia-bg-style-scroll container_wrap sidebar_right'  ><div class='container av-section-cont-open' ><div class='template-page content  av-content-small alpha units'><div class='post-entry post-entry-type-page post-entry-808'><div class='entry-content-wrapper clearfix'>\n<div  class='av_gmaps_sc_main_wrap av_gmaps_main_wrap '><div id='av_gmap_0' class='avia-google-map-container avia-google-map-sc av_gmaps_show_unconditionally av-no-fallback-img ' data-mapid='av_gmap_0'  style='height: 670px;'><a class=\"av_gmaps_browser_disabled av_text_confirm_link av_text_confirm_link_visible\" href=\"https:\/\/www.google.com\/maps\/search\/?api=1&#038;query=Square%20Marie-Louise%203%201000%20%20%20Brussels%20%20Belgium\" target=\"_blank\" rel=\"noopener\">Les cartes ont \u00e9t\u00e9 d\u00e9sactiv\u00e9es par le visiteur sur ce site. Cliquer pour ouvrir la carte dans une nouvelle fen\u00eatre.<\/a><\/div><\/div>\n<\/div><\/div><\/div><!-- close content main div --><\/div><\/div><div id='after_section_2'  class='main_color av_default_container_wrap container_wrap sidebar_right'  ><div class='container av-section-cont-open' ><div class='template-page content  av-content-small alpha units'><div class='post-entry post-entry-type-page post-entry-808'><div class='entry-content-wrapper clearfix'><\/p>\n","protected":false},"excerpt":{"rendered":"","protected":false},"author":1,"featured_media":0,"parent":0,"menu_order":0,"comment_status":"open","ping_status":"closed","template":"","meta":{"_seopress_robots_primary_cat":"","_seopress_titles_title":"","_seopress_titles_desc":"","_seopress_robots_index":"","footnotes":""},"class_list":["post-808","page","type-page","status-publish","hentry"],"_links":{"self":[{"href":"https:\/\/www.visdom.be\/fr\/wp-json\/wp\/v2\/pages\/808","targetHints":{"allow":["GET"]}}],"collection":[{"href":"https:\/\/www.visdom.be\/fr\/wp-json\/wp\/v2\/pages"}],"about":[{"href":"https:\/\/www.visdom.be\/fr\/wp-json\/wp\/v2\/types\/page"}],"author":[{"embeddable":true,"href":"https:\/\/www.visdom.be\/fr\/wp-json\/wp\/v2\/users\/1"}],"replies":[{"embeddable":true,"href":"https:\/\/www.visdom.be\/fr\/wp-json\/wp\/v2\/comments?post=808"}],"version-history":[{"count":6,"href":"https:\/\/www.visdom.be\/fr\/wp-json\/wp\/v2\/pages\/808\/revisions"}],"predecessor-version":[{"id":975,"href":"https:\/\/www.visdom.be\/fr\/wp-json\/wp\/v2\/pages\/808\/revisions\/975"}],"wp:attachment":[{"href":"https:\/\/www.visdom.be\/fr\/wp-json\/wp\/v2\/media?parent=808"}],"curies":[{"name":"wp","href":"https:\/\/api.w.org\/{rel}","templated":true}]}}