{"id":807,"date":"2014-08-29T08:00:40","date_gmt":"2014-08-29T08:00:40","guid":{"rendered":"https:\/\/www.visdom.be\/about\/"},"modified":"2024-02-20T13:33:05","modified_gmt":"2024-02-20T13:33:05","slug":"about","status":"publish","type":"page","link":"https:\/\/www.visdom.be\/fr\/about\/","title":{"rendered":"A Propos"},"content":{"rendered":"\n<style type=\"text\/css\" data-created_by=\"avia_inline_auto\" id=\"style-css-av-av_section-b2fc6e6e57b25130d096ee5a6647e47c\">\n.avia-section.av-av_section-b2fc6e6e57b25130d096ee5a6647e47c{\nbackground-color:#4ecac2;\nbackground-image:unset;\n}\n.avia-section.av-av_section-b2fc6e6e57b25130d096ee5a6647e47c .av-extra-border-element .av-extra-border-inner{\nbackground-color:#4ecac2;\n}\n<\/style>\n<div id='av_section_1'  class='avia-section av-av_section-b2fc6e6e57b25130d096ee5a6647e47c main_color avia-section-default avia-no-border-styling  avia-builder-el-0  el_before_av_section  avia-builder-el-first  avia-bg-style-scroll av-arrow-down-section av-minimum-height av-minimum-height-custom av-height-custom  container_wrap sidebar_right'   data-av_minimum_height_px='330'><div class='container av-section-cont-open' style='height:330px'><main  role=\"main\" itemprop=\"mainContentOfPage\"  class='template-page content  av-content-small alpha units'><div class='post-entry post-entry-type-page post-entry-807'><div class='entry-content-wrapper clearfix'>\n\n<style type=\"text\/css\" data-created_by=\"avia_inline_auto\" id=\"style-css-av-lsl6tcxm-7a226c733463c2c288eac1bf5b2bffa8\">\n#top .av-special-heading.av-lsl6tcxm-7a226c733463c2c288eac1bf5b2bffa8{\npadding-bottom:40px;\ncolor:#ffffff;\nfont-size:72px;\n}\nbody .av-special-heading.av-lsl6tcxm-7a226c733463c2c288eac1bf5b2bffa8 .av-special-heading-tag .heading-char{\nfont-size:25px;\n}\n#top #wrap_all .av-special-heading.av-lsl6tcxm-7a226c733463c2c288eac1bf5b2bffa8 .av-special-heading-tag{\nfont-size:72px;\n}\n.av-special-heading.av-lsl6tcxm-7a226c733463c2c288eac1bf5b2bffa8 .special-heading-inner-border{\nborder-color:#ffffff;\n}\n.av-special-heading.av-lsl6tcxm-7a226c733463c2c288eac1bf5b2bffa8 .av-subheading{\nfont-size:20px;\n}\n\n@media only screen and (min-width: 480px) and (max-width: 767px){ \n#top #wrap_all .av-special-heading.av-lsl6tcxm-7a226c733463c2c288eac1bf5b2bffa8 .av-special-heading-tag{\nfont-size:0.8em;\n}\n}\n\n@media only screen and (max-width: 479px){ \n#top #wrap_all .av-special-heading.av-lsl6tcxm-7a226c733463c2c288eac1bf5b2bffa8 .av-special-heading-tag{\nfont-size:0.8em;\n}\n}\n<\/style>\n<div  class='av-special-heading av-lsl6tcxm-7a226c733463c2c288eac1bf5b2bffa8 av-special-heading-h2 custom-color-heading blockquote modern-quote  avia-builder-el-1  avia-builder-el-no-sibling  av-inherit-size'><h2 class='av-special-heading-tag'  itemprop=\"headline\"  >A Propos<\/h2><div class=\"special-heading-border\"><div class=\"special-heading-inner-border\"><\/div><\/div><\/div>\n<\/div><\/div><\/main><!-- close content main element --><\/div><div class='av-extra-border-element border-extra-arrow-down'><div class='av-extra-border-outer'><div class='av-extra-border-inner'><\/div><\/div><\/div><\/div>\n<style type=\"text\/css\" data-created_by=\"avia_inline_auto\" id=\"style-css-av-av_section-2dabf87a5deaa13a7b43b1b9040eba12\">\n.avia-section.av-av_section-2dabf87a5deaa13a7b43b1b9040eba12 .av-extra-border-element .av-extra-border-inner{\nbackground-color:#ffffff;\n}\n<\/style>\n<div id='av_section_2'  class='avia-section av-av_section-2dabf87a5deaa13a7b43b1b9040eba12 main_color avia-section-large avia-no-border-styling  avia-builder-el-2  el_after_av_section  el_before_av_section  avia-bg-style-scroll av-arrow-down-section container_wrap sidebar_right'  ><div class='container av-section-cont-open' ><div class='template-page content  av-content-small alpha units'><div class='post-entry post-entry-type-page post-entry-807'><div class='entry-content-wrapper clearfix'>\n<div  class='flex_column av-av_one_full-2a9015ff38129c418a3f2eafba3e9512 av_one_full  avia-builder-el-3  avia-builder-el-no-sibling  first flex_column_div  '     ><p>\n<style type=\"text\/css\" data-created_by=\"avia_inline_auto\" id=\"style-css-av-lsl6t6ky-8160793a75ebcb465fe845671b41aba2\">\n#top .av-special-heading.av-lsl6t6ky-8160793a75ebcb465fe845671b41aba2{\npadding-bottom:10px;\n}\nbody .av-special-heading.av-lsl6t6ky-8160793a75ebcb465fe845671b41aba2 .av-special-heading-tag .heading-char{\nfont-size:25px;\n}\n.av-special-heading.av-lsl6t6ky-8160793a75ebcb465fe845671b41aba2 .av-subheading{\nfont-size:15px;\n}\n<\/style>\n<div  class='av-special-heading av-lsl6t6ky-8160793a75ebcb465fe845671b41aba2 av-special-heading-h3 blockquote modern-quote  avia-builder-el-4  el_before_av_textblock  avia-builder-el-first '><h3 class='av-special-heading-tag'  itemprop=\"headline\"  >La Garantie de Confiance pour Votre Projet de Site Web<\/h3><div class=\"special-heading-border\"><div class=\"special-heading-inner-border\"><\/div><\/div><\/div><br \/>\n<section  class='av_textblock_section av-lsl6tx5w-b343177dba629ae2a36561e753fe45c5 '   itemscope=\"itemscope\" itemtype=\"https:\/\/schema.org\/CreativeWork\" ><div class='avia_textblock'  itemprop=\"text\" ><p>Bienvenue chez VISDOM \u2013 l\u00e0 o\u00f9 l&rsquo;innovation rencontre l&rsquo;excellence en mati\u00e8re de d\u00e9veloppement de sites web ! En tant qu&rsquo;entreprise dynamique et orient\u00e9e vers l&rsquo;avenir, nous sommes d\u00e9di\u00e9s \u00e0 offrir des solutions web haut de gamme gr\u00e2ce \u00e0 une collaboration continue avec nos partenaires.<\/p>\n<\/div><\/section><br \/>\n\n<style type=\"text\/css\" data-created_by=\"avia_inline_auto\" id=\"style-css-av-lsl6us2f-47e237e823394df597e51a2809122a41\">\n#top .av-special-heading.av-lsl6us2f-47e237e823394df597e51a2809122a41{\npadding-bottom:10px;\n}\nbody .av-special-heading.av-lsl6us2f-47e237e823394df597e51a2809122a41 .av-special-heading-tag .heading-char{\nfont-size:25px;\n}\n.av-special-heading.av-lsl6us2f-47e237e823394df597e51a2809122a41 .av-subheading{\nfont-size:15px;\n}\n<\/style>\n<div  class='av-special-heading av-lsl6us2f-47e237e823394df597e51a2809122a41 av-special-heading-h3 blockquote modern-quote  avia-builder-el-6  el_after_av_textblock  el_before_av_textblock '><h3 class='av-special-heading-tag'  itemprop=\"headline\"  >Nos Comp\u00e9tences<\/h3><div class=\"special-heading-border\"><div class=\"special-heading-inner-border\"><\/div><\/div><\/div><br \/>\n<section  class='av_textblock_section av-lsl6uv3b-ca321d492eee7bb3e191bfd14acca4b9 '   itemscope=\"itemscope\" itemtype=\"https:\/\/schema.org\/CreativeWork\" ><div class='avia_textblock'  itemprop=\"text\" ><p>Chez VISDOM, nous sommes fiers de la diversit\u00e9 de nos comp\u00e9tences et de notre engagement ind\u00e9fectible \u00e0 produire des r\u00e9sultats exceptionnels. Notre approche est ancr\u00e9e dans les meilleures pratiques de l&rsquo;industrie, reposant sur des m\u00e9thodologies telles qu\u2019ITIL, Agile, Scrum, Kanban, KCS, etc., assurant ainsi une gestion de projet efficace.<\/p>\n<\/div><\/section><br \/>\n<section  class='av_textblock_section av-lsl6vjwn-9175cadb4582f096aa06921f8966e20d '   itemscope=\"itemscope\" itemtype=\"https:\/\/schema.org\/CreativeWork\" ><div class='avia_textblock'  itemprop=\"text\" ><p>Dot\u00e9e de technologies de pointe et de comp\u00e9tences en programmation, notre \u00e9quipe excelle en PHP, CodeIgniter, HTML5, CSS3, MySQL, JavaScript, AJAX, jQuery, WordPress, Magento, et bien d&rsquo;autres encore, assurant un d\u00e9veloppement web sans faille. La ma\u00eetrise de la gestion de serveurs web tels que AWS, Apache, NGINX t\u00e9moigne de notre sp\u00e9cialisation dans la cr\u00e9ation de sites web dynamiques et r\u00e9actifs. Notre expertise garantit un ensemble de comp\u00e9tences bien \u00e9quilibr\u00e9 pour donner vie \u00e0 vos projets web.<\/p>\n<\/div><\/section><br \/>\n<section  class='av_textblock_section av-lsl6vp93-48e94c9b32e78a80ff7cf49f04e85f33 '   itemscope=\"itemscope\" itemtype=\"https:\/\/schema.org\/CreativeWork\" ><div class='avia_textblock'  itemprop=\"text\" ><p>Notre engagement \u00e0 rester \u00e0 la pointe des tendances de l\u2019industrie est constant. Nous participons r\u00e9guli\u00e8rement \u00e0 des formations en classe, obtenons des certifications informatiques et suivons des cours d&rsquo;apprentissage en ligne sur un large \u00e9ventail de sujets, de la m\u00e9thodologie \u00e0 l&rsquo;expertise technique.<\/p>\n<\/div><\/section><br \/>\n\n<style type=\"text\/css\" data-created_by=\"avia_inline_auto\" id=\"style-css-av-lsl6vw7w-3bc0d31aafce4d6fb297c86c55e73d4a\">\n#top .av-special-heading.av-lsl6vw7w-3bc0d31aafce4d6fb297c86c55e73d4a{\npadding-bottom:10px;\n}\nbody .av-special-heading.av-lsl6vw7w-3bc0d31aafce4d6fb297c86c55e73d4a .av-special-heading-tag .heading-char{\nfont-size:25px;\n}\n.av-special-heading.av-lsl6vw7w-3bc0d31aafce4d6fb297c86c55e73d4a .av-subheading{\nfont-size:15px;\n}\n<\/style>\n<div  class='av-special-heading av-lsl6vw7w-3bc0d31aafce4d6fb297c86c55e73d4a av-special-heading-h3 blockquote modern-quote  avia-builder-el-10  el_after_av_textblock  el_before_av_textblock '><h3 class='av-special-heading-tag'  itemprop=\"headline\"  >Approche Client au C\u0153ur<\/h3><div class=\"special-heading-border\"><div class=\"special-heading-inner-border\"><\/div><\/div><\/div><br \/>\n<section  class='av_textblock_section av-lsl6wp8s-0fd9144af036e06a8e3ab644c232836b '   itemscope=\"itemscope\" itemtype=\"https:\/\/schema.org\/CreativeWork\" ><div class='avia_textblock'  itemprop=\"text\" ><p>Fond\u00e9e sur une exp\u00e9rience \u00e9prouv\u00e9e, notre expertise englobe le d\u00e9veloppement Web, la gestion d\u2019incidents, la r\u00e9daction technique, la prestation de services, l&rsquo;am\u00e9lioration continue, la formation, le service client, et bien plus encore.<\/p>\n<\/div><\/section><br \/>\n<section  class='av_textblock_section av-lsl6x0r7-c983d473ef783530e864e89abca151df '   itemscope=\"itemscope\" itemtype=\"https:\/\/schema.org\/CreativeWork\" ><div class='avia_textblock'  itemprop=\"text\" ><p>Chez VISDOM, la satisfaction du client est notre priorit\u00e9 absolue. Notre engagement en faveur de la transparence, de la communication et de l&rsquo;excellence nous distingue. Forts d\u2019un historique de gestion r\u00e9ussie de projets pour une client\u00e8le vari\u00e9e, nous insufflons une approche centr\u00e9e sur le client \u00e0 chaque facette de notre travail.<\/p>\n<\/div><\/section><br \/>\n\n<style type=\"text\/css\" data-created_by=\"avia_inline_auto\" id=\"style-css-av-lsl6xoqu-02e8b02d5597192edb0ac9cff7eb509a\">\n#top .av-special-heading.av-lsl6xoqu-02e8b02d5597192edb0ac9cff7eb509a{\npadding-bottom:10px;\n}\nbody .av-special-heading.av-lsl6xoqu-02e8b02d5597192edb0ac9cff7eb509a .av-special-heading-tag .heading-char{\nfont-size:25px;\n}\n.av-special-heading.av-lsl6xoqu-02e8b02d5597192edb0ac9cff7eb509a .av-subheading{\nfont-size:13px;\n}\n<\/style>\n<div  class='av-special-heading av-lsl6xoqu-02e8b02d5597192edb0ac9cff7eb509a av-special-heading-h3 blockquote modern-quote  avia-builder-el-13  el_after_av_textblock  avia-builder-el-last '><h3 class='av-special-heading-tag'  itemprop=\"headline\"  >Rejoignez-nous dans cette Aventure<\/h3><div class='av-subheading av-subheading_below'><p>Que vous soyez une startup cherchant \u00e0 \u00e9tablir votre pr\u00e9sence en ligne ou une entreprise \u00e9tablie souhaitant revitaliser votre site web, VISDOM est l\u00e0 pour concr\u00e9tiser vos id\u00e9es. Embarquons ensemble dans cette aventure, \u00e9laborant des solutions digitales qui laissent une empreinte durable.<\/p>\n<\/div><div class=\"special-heading-border\"><div class=\"special-heading-inner-border\"><\/div><\/div><\/div><\/p><\/div><\/div><\/div><\/div><!-- close content main div --><\/div><div class='av-extra-border-element border-extra-arrow-down'><div class='av-extra-border-outer'><div class='av-extra-border-inner'><\/div><\/div><\/div><\/div>\n<style type=\"text\/css\" data-created_by=\"avia_inline_auto\" id=\"style-css-av-av_section-3752e55e2e7c48721c6eec5caece089e\">\n.avia-section.av-av_section-3752e55e2e7c48721c6eec5caece089e{\nbackground-color:#eaeaea;\nbackground-image:unset;\n}\n<\/style>\n<div id='hidesection'  class='avia-section av-av_section-3752e55e2e7c48721c6eec5caece089e main_color avia-section-default avia-no-shadow  avia-builder-el-14  el_after_av_section  avia-builder-el-last  avia-bg-style-scroll container_wrap sidebar_right'  ><div class='container av-section-cont-open' ><div class='template-page content  av-content-small alpha units'><div class='post-entry post-entry-type-page post-entry-807'><div class='entry-content-wrapper clearfix'>\n<div  class='flex_column av-av_one_fifth-2a9015ff38129c418a3f2eafba3e9512 av_one_fifth  avia-builder-el-15  el_before_av_one_fifth  avia-builder-el-first  first flex_column_div  '     ><div  class=\"avia-animated-number av-av_animated_numbers-d328afa37ed944f363ec31e706d6106b av-force-default-color avia_animate_when_visible  avia-builder-el-16  avia-builder-el-no-sibling  \" data-timer=\"3000\"><strong class=\"heading avia-animated-number-title\"><span class=\"avia-single-number __av-single-number\" data-number_format=\"\" data-number=\"125\" data-start_from=\"0\">125<\/span><\/strong><div class=\"avia-animated-number-content\"><p>Clients<\/p>\n<\/div><\/div><\/div><div  class='flex_column av-av_one_fifth-e8b5fe92f046e7242c54fd1caeab6ce2 av_one_fifth  avia-builder-el-17  el_after_av_one_fifth  el_before_av_one_fifth  flex_column_div  '     ><div  class=\"avia-animated-number av-av_animated_numbers-d7c4421572d37d8b620eea41164b3ba8 av-force-default-color avia_animate_when_visible  avia-builder-el-18  avia-builder-el-no-sibling  \" data-timer=\"3000\"><strong class=\"heading avia-animated-number-title\"><span class=\"avia-single-number __av-single-number\" data-number_format=\"\" data-number=\"312\" data-start_from=\"0\">312<\/span><\/strong><div class=\"avia-animated-number-content\"><p>Projects finished<\/p>\n<\/div><\/div><\/div><div  class='flex_column av-av_one_fifth-e8b5fe92f046e7242c54fd1caeab6ce2 av_one_fifth  avia-builder-el-19  el_after_av_one_fifth  el_before_av_one_fifth  flex_column_div  '     ><div  class=\"avia-animated-number av-av_animated_numbers-95a762912f36af03642ac007c1032bd8 av-force-default-color avia_animate_when_visible  avia-builder-el-20  avia-builder-el-no-sibling  \" data-timer=\"3000\"><strong class=\"heading avia-animated-number-title\"><span class=\"avia-single-number __av-single-number\" data-number_format=\"\" data-number=\"24000\" data-start_from=\"0\">24000<\/span><\/strong><div class=\"avia-animated-number-content\"><p>hours of experience<\/p>\n<\/div><\/div><\/div><div  class='flex_column av-av_one_fifth-e8b5fe92f046e7242c54fd1caeab6ce2 av_one_fifth  avia-builder-el-21  el_after_av_one_fifth  el_before_av_one_fifth  flex_column_div  '     ><div  class=\"avia-animated-number av-av_animated_numbers-2cb998e397f411b066c208719246d2af av-force-default-color avia_animate_when_visible  avia-builder-el-22  avia-builder-el-no-sibling  \" data-timer=\"3000\"><strong class=\"heading avia-animated-number-title\"><span class=\"avia-single-number __av-single-number\" data-number_format=\"\" data-number=\"120\" data-start_from=\"0\">120<\/span><span class=\"avia-no-number\">.<\/span><span class=\"avia-single-number __av-single-number\" data-number_format=\"\" data-number=\"000\" data-start_from=\"0\">000<\/span><\/strong><div class=\"avia-animated-number-content\"><p>daily mouse clicks<\/p>\n<\/div><\/div><\/div><div  class='flex_column av-av_one_fifth-e8b5fe92f046e7242c54fd1caeab6ce2 av_one_fifth  avia-builder-el-23  el_after_av_one_fifth  avia-builder-el-last  flex_column_div  '     ><div  class=\"avia-animated-number av-av_animated_numbers-27d53c3172f4ae45589d4281694f6a96 av-force-default-color avia_animate_when_visible  avia-builder-el-24  avia-builder-el-no-sibling  \" data-timer=\"3000\"><strong class=\"heading avia-animated-number-title\"><span class=\"avia-single-number __av-single-number\" data-number_format=\"\" data-number=\"16\" data-start_from=\"0\">16<\/span><span class=\"avia-no-number\">+<\/span><\/strong><div class=\"avia-animated-number-content\"><p>Pizzas per month<\/p>\n<\/div><\/div><\/div>\n<\/div><\/div><\/div><!-- close content main div --><\/div><\/div><div id='after_section_3'  class='main_color av_default_container_wrap container_wrap sidebar_right'  ><div class='container av-section-cont-open' ><div class='template-page content  av-content-small alpha units'><div class='post-entry post-entry-type-page post-entry-807'><div class='entry-content-wrapper clearfix'><\/p>\n","protected":false},"excerpt":{"rendered":"","protected":false},"author":1,"featured_media":0,"parent":0,"menu_order":0,"comment_status":"open","ping_status":"closed","template":"","meta":{"_seopress_robots_primary_cat":"","_seopress_titles_title":"","_seopress_titles_desc":"","_seopress_robots_index":"","footnotes":""},"class_list":["post-807","page","type-page","status-publish","hentry"],"_links":{"self":[{"href":"https:\/\/www.visdom.be\/fr\/wp-json\/wp\/v2\/pages\/807","targetHints":{"allow":["GET"]}}],"collection":[{"href":"https:\/\/www.visdom.be\/fr\/wp-json\/wp\/v2\/pages"}],"about":[{"href":"https:\/\/www.visdom.be\/fr\/wp-json\/wp\/v2\/types\/page"}],"author":[{"embeddable":true,"href":"https:\/\/www.visdom.be\/fr\/wp-json\/wp\/v2\/users\/1"}],"replies":[{"embeddable":true,"href":"https:\/\/www.visdom.be\/fr\/wp-json\/wp\/v2\/comments?post=807"}],"version-history":[{"count":3,"href":"https:\/\/www.visdom.be\/fr\/wp-json\/wp\/v2\/pages\/807\/revisions"}],"predecessor-version":[{"id":941,"href":"https:\/\/www.visdom.be\/fr\/wp-json\/wp\/v2\/pages\/807\/revisions\/941"}],"wp:attachment":[{"href":"https:\/\/www.visdom.be\/fr\/wp-json\/wp\/v2\/media?parent=807"}],"curies":[{"name":"wp","href":"https:\/\/api.w.org\/{rel}","templated":true}]}}